{"id":88,"date":"2013-07-19T23:03:32","date_gmt":"2013-07-19T21:03:32","guid":{"rendered":"http:\/\/kuse.eufu.net\/?page_id=88"},"modified":"2019-09-06T13:11:11","modified_gmt":"2019-09-06T11:11:11","slug":"gelander-gitter-zaune","status":"publish","type":"page","link":"https:\/\/kuse.eufu.net\/?page_id=88","title":{"rendered":"Metallbau"},"content":{"rendered":"\n<p class=\"has-medium-font-size\"><strong>Wir fertigen f\u00fcr Sie in Stahl und Edelstahl:<\/strong><\/p>\n\n\n\n<h2 class=\"wp-block-heading\">Drehfl\u00fcgeltore<\/h2>\n\n\n\n<ul class=\"wp-block-gallery columns-3 is-cropped wp-block-gallery-1 is-layout-flex wp-block-gallery-is-layout-flex\"><li class=\"blocks-gallery-item\"><figure><img loading=\"lazy\" decoding=\"async\" width=\"1024\" height=\"576\" src=\"http:\/\/kuse.eufu.net\/wp-content\/uploads\/2019\/01\/20150124_150935-1024x576.jpg\" alt=\"\" data-id=\"382\" class=\"wp-image-382\" srcset=\"https:\/\/kuse.eufu.net\/wp-content\/uploads\/2019\/01\/20150124_150935-1024x576.jpg 1024w, https:\/\/kuse.eufu.net\/wp-content\/uploads\/2019\/01\/20150124_150935-300x169.jpg 300w, https:\/\/kuse.eufu.net\/wp-content\/uploads\/2019\/01\/20150124_150935-768x432.jpg 768w, https:\/\/kuse.eufu.net\/wp-content\/uploads\/2019\/01\/20150124_150935-960x540.jpg 960w\" sizes=\"auto, (max-width: 1024px) 100vw, 1024px\" \/><figcaption><br><\/figcaption><\/figure><\/li><li class=\"blocks-gallery-item\"><figure><img loading=\"lazy\" decoding=\"async\" width=\"1024\" height=\"576\" src=\"http:\/\/kuse.eufu.net\/wp-content\/uploads\/2019\/01\/20150430_101400-1024x576.jpg\" alt=\"\" data-id=\"386\" data-link=\"http:\/\/kuse.eufu.net\/?attachment_id=386\" class=\"wp-image-386\" srcset=\"https:\/\/kuse.eufu.net\/wp-content\/uploads\/2019\/01\/20150430_101400-1024x576.jpg 1024w, https:\/\/kuse.eufu.net\/wp-content\/uploads\/2019\/01\/20150430_101400-300x169.jpg 300w, https:\/\/kuse.eufu.net\/wp-content\/uploads\/2019\/01\/20150430_101400-768x432.jpg 768w, https:\/\/kuse.eufu.net\/wp-content\/uploads\/2019\/01\/20150430_101400-960x540.jpg 960w\" sizes=\"auto, (max-width: 1024px) 100vw, 1024px\" \/><\/figure><\/li><li class=\"blocks-gallery-item\"><figure><img loading=\"lazy\" decoding=\"async\" width=\"1024\" height=\"576\" src=\"http:\/\/kuse.eufu.net\/wp-content\/uploads\/2019\/01\/20150430_101217-1-1024x576.jpg\" alt=\"\" data-id=\"389\" data-link=\"http:\/\/kuse.eufu.net\/?attachment_id=389\" class=\"wp-image-389\" srcset=\"https:\/\/kuse.eufu.net\/wp-content\/uploads\/2019\/01\/20150430_101217-1-1024x576.jpg 1024w, https:\/\/kuse.eufu.net\/wp-content\/uploads\/2019\/01\/20150430_101217-1-300x169.jpg 300w, https:\/\/kuse.eufu.net\/wp-content\/uploads\/2019\/01\/20150430_101217-1-768x432.jpg 768w, https:\/\/kuse.eufu.net\/wp-content\/uploads\/2019\/01\/20150430_101217-1-960x540.jpg 960w\" sizes=\"auto, (max-width: 1024px) 100vw, 1024px\" \/><\/figure><\/li><li class=\"blocks-gallery-item\"><figure><img loading=\"lazy\" decoding=\"async\" width=\"1024\" height=\"576\" src=\"http:\/\/kuse.eufu.net\/wp-content\/uploads\/2019\/01\/20151126_144145-1024x576.jpg\" alt=\"\" data-id=\"390\" data-link=\"http:\/\/kuse.eufu.net\/?attachment_id=390\" class=\"wp-image-390\" srcset=\"https:\/\/kuse.eufu.net\/wp-content\/uploads\/2019\/01\/20151126_144145-1024x576.jpg 1024w, https:\/\/kuse.eufu.net\/wp-content\/uploads\/2019\/01\/20151126_144145-300x169.jpg 300w, https:\/\/kuse.eufu.net\/wp-content\/uploads\/2019\/01\/20151126_144145-768x432.jpg 768w, https:\/\/kuse.eufu.net\/wp-content\/uploads\/2019\/01\/20151126_144145-960x540.jpg 960w\" sizes=\"auto, (max-width: 1024px) 100vw, 1024px\" \/><\/figure><\/li><li class=\"blocks-gallery-item\"><figure><img loading=\"lazy\" decoding=\"async\" width=\"1024\" height=\"576\" src=\"http:\/\/kuse.eufu.net\/wp-content\/uploads\/2019\/01\/20150826_143811-1024x576.jpg\" alt=\"\" data-id=\"391\" data-link=\"http:\/\/kuse.eufu.net\/?attachment_id=391\" class=\"wp-image-391\" srcset=\"https:\/\/kuse.eufu.net\/wp-content\/uploads\/2019\/01\/20150826_143811-1024x576.jpg 1024w, https:\/\/kuse.eufu.net\/wp-content\/uploads\/2019\/01\/20150826_143811-300x169.jpg 300w, https:\/\/kuse.eufu.net\/wp-content\/uploads\/2019\/01\/20150826_143811-768x432.jpg 768w, https:\/\/kuse.eufu.net\/wp-content\/uploads\/2019\/01\/20150826_143811-960x540.jpg 960w\" sizes=\"auto, (max-width: 1024px) 100vw, 1024px\" \/><\/figure><\/li><\/ul>\n\n\n\n<h2 class=\"wp-block-heading\">Gel\u00e4nder<\/h2>\n\n\n\n<ul class=\"wp-block-gallery columns-3 is-cropped wp-block-gallery-2 is-layout-flex wp-block-gallery-is-layout-flex\"><li class=\"blocks-gallery-item\"><figure><img loading=\"lazy\" decoding=\"async\" width=\"1024\" height=\"768\" src=\"http:\/\/kuse.eufu.net\/wp-content\/uploads\/2019\/01\/2011-08-30-11.53.03-1024x768.jpg\" alt=\"\" data-id=\"387\" data-link=\"http:\/\/kuse.eufu.net\/?attachment_id=387\" class=\"wp-image-387\" srcset=\"https:\/\/kuse.eufu.net\/wp-content\/uploads\/2019\/01\/2011-08-30-11.53.03-1024x768.jpg 1024w, https:\/\/kuse.eufu.net\/wp-content\/uploads\/2019\/01\/2011-08-30-11.53.03-300x225.jpg 300w, https:\/\/kuse.eufu.net\/wp-content\/uploads\/2019\/01\/2011-08-30-11.53.03-768x576.jpg 768w, https:\/\/kuse.eufu.net\/wp-content\/uploads\/2019\/01\/2011-08-30-11.53.03-960x720.jpg 960w\" sizes=\"auto, (max-width: 1024px) 100vw, 1024px\" \/><figcaption><br><\/figcaption><\/figure><\/li><li class=\"blocks-gallery-item\"><figure><img loading=\"lazy\" decoding=\"async\" width=\"1024\" height=\"768\" src=\"http:\/\/kuse.eufu.net\/wp-content\/uploads\/2019\/01\/2011-08-30-11.19.49-1024x768.jpg\" alt=\"\" data-id=\"388\" data-link=\"http:\/\/kuse.eufu.net\/?attachment_id=388\" class=\"wp-image-388\" srcset=\"https:\/\/kuse.eufu.net\/wp-content\/uploads\/2019\/01\/2011-08-30-11.19.49-1024x768.jpg 1024w, https:\/\/kuse.eufu.net\/wp-content\/uploads\/2019\/01\/2011-08-30-11.19.49-300x225.jpg 300w, https:\/\/kuse.eufu.net\/wp-content\/uploads\/2019\/01\/2011-08-30-11.19.49-768x576.jpg 768w, https:\/\/kuse.eufu.net\/wp-content\/uploads\/2019\/01\/2011-08-30-11.19.49-960x720.jpg 960w\" sizes=\"auto, (max-width: 1024px) 100vw, 1024px\" \/><figcaption><br><\/figcaption><\/figure><\/li><li class=\"blocks-gallery-item\"><figure><img loading=\"lazy\" decoding=\"async\" width=\"1000\" height=\"667\" src=\"http:\/\/kuse.eufu.net\/wp-content\/uploads\/2019\/09\/Absturzsicherung-Fenster-Stahl-verz-mit-VA-Handlauf-Terassengel\u00e4nder-mit-Glas.jpg\" alt=\"\" data-id=\"601\" data-link=\"http:\/\/kuse.eufu.net\/?attachment_id=601\" class=\"wp-image-601\" srcset=\"https:\/\/kuse.eufu.net\/wp-content\/uploads\/2019\/09\/Absturzsicherung-Fenster-Stahl-verz-mit-VA-Handlauf-Terassengel\u00e4nder-mit-Glas.jpg 1000w, https:\/\/kuse.eufu.net\/wp-content\/uploads\/2019\/09\/Absturzsicherung-Fenster-Stahl-verz-mit-VA-Handlauf-Terassengel\u00e4nder-mit-Glas-300x200.jpg 300w, https:\/\/kuse.eufu.net\/wp-content\/uploads\/2019\/09\/Absturzsicherung-Fenster-Stahl-verz-mit-VA-Handlauf-Terassengel\u00e4nder-mit-Glas-768x512.jpg 768w, https:\/\/kuse.eufu.net\/wp-content\/uploads\/2019\/09\/Absturzsicherung-Fenster-Stahl-verz-mit-VA-Handlauf-Terassengel\u00e4nder-mit-Glas-960x640.jpg 960w\" sizes=\"auto, (max-width: 1000px) 100vw, 1000px\" \/><\/figure><\/li><li class=\"blocks-gallery-item\"><figure><img loading=\"lazy\" decoding=\"async\" width=\"1000\" height=\"667\" src=\"http:\/\/kuse.eufu.net\/wp-content\/uploads\/2019\/09\/Absturzsicherung-Fenster-Stahl-verz-mit-VA-Handlauf.jpg\" alt=\"\" data-id=\"602\" data-link=\"http:\/\/kuse.eufu.net\/?attachment_id=602\" class=\"wp-image-602\" srcset=\"https:\/\/kuse.eufu.net\/wp-content\/uploads\/2019\/09\/Absturzsicherung-Fenster-Stahl-verz-mit-VA-Handlauf.jpg 1000w, https:\/\/kuse.eufu.net\/wp-content\/uploads\/2019\/09\/Absturzsicherung-Fenster-Stahl-verz-mit-VA-Handlauf-300x200.jpg 300w, https:\/\/kuse.eufu.net\/wp-content\/uploads\/2019\/09\/Absturzsicherung-Fenster-Stahl-verz-mit-VA-Handlauf-768x512.jpg 768w, https:\/\/kuse.eufu.net\/wp-content\/uploads\/2019\/09\/Absturzsicherung-Fenster-Stahl-verz-mit-VA-Handlauf-960x640.jpg 960w\" sizes=\"auto, (max-width: 1000px) 100vw, 1000px\" \/><\/figure><\/li><li class=\"blocks-gallery-item\"><figure><img loading=\"lazy\" decoding=\"async\" width=\"1000\" height=\"750\" src=\"http:\/\/kuse.eufu.net\/wp-content\/uploads\/2019\/09\/Balkongel\u00e4nder-Edelstahl-mit-Glas-Bronze.jpg\" alt=\"\" data-id=\"603\" data-link=\"http:\/\/kuse.eufu.net\/?attachment_id=603\" class=\"wp-image-603\" srcset=\"https:\/\/kuse.eufu.net\/wp-content\/uploads\/2019\/09\/Balkongel\u00e4nder-Edelstahl-mit-Glas-Bronze.jpg 1000w, https:\/\/kuse.eufu.net\/wp-content\/uploads\/2019\/09\/Balkongel\u00e4nder-Edelstahl-mit-Glas-Bronze-300x225.jpg 300w, https:\/\/kuse.eufu.net\/wp-content\/uploads\/2019\/09\/Balkongel\u00e4nder-Edelstahl-mit-Glas-Bronze-768x576.jpg 768w, https:\/\/kuse.eufu.net\/wp-content\/uploads\/2019\/09\/Balkongel\u00e4nder-Edelstahl-mit-Glas-Bronze-960x720.jpg 960w\" sizes=\"auto, (max-width: 1000px) 100vw, 1000px\" \/><\/figure><\/li><li class=\"blocks-gallery-item\"><figure><img loading=\"lazy\" decoding=\"async\" width=\"1000\" height=\"563\" src=\"http:\/\/kuse.eufu.net\/wp-content\/uploads\/2019\/09\/Balkongel\u00e4nder-Edelstahl-mit-Glas-wei\u00df.jpg\" alt=\"\" data-id=\"604\" data-link=\"http:\/\/kuse.eufu.net\/?attachment_id=604\" class=\"wp-image-604\" srcset=\"https:\/\/kuse.eufu.net\/wp-content\/uploads\/2019\/09\/Balkongel\u00e4nder-Edelstahl-mit-Glas-wei\u00df.jpg 1000w, https:\/\/kuse.eufu.net\/wp-content\/uploads\/2019\/09\/Balkongel\u00e4nder-Edelstahl-mit-Glas-wei\u00df-300x169.jpg 300w, https:\/\/kuse.eufu.net\/wp-content\/uploads\/2019\/09\/Balkongel\u00e4nder-Edelstahl-mit-Glas-wei\u00df-768x432.jpg 768w, https:\/\/kuse.eufu.net\/wp-content\/uploads\/2019\/09\/Balkongel\u00e4nder-Edelstahl-mit-Glas-wei\u00df-960x540.jpg 960w\" sizes=\"auto, (max-width: 1000px) 100vw, 1000px\" \/><\/figure><\/li><li class=\"blocks-gallery-item\"><figure><img loading=\"lazy\" decoding=\"async\" width=\"683\" height=\"1024\" src=\"http:\/\/kuse.eufu.net\/wp-content\/uploads\/2019\/09\/IMG_6264-683x1024.jpg\" alt=\"\" data-id=\"605\" data-link=\"http:\/\/kuse.eufu.net\/?attachment_id=605\" class=\"wp-image-605\" srcset=\"https:\/\/kuse.eufu.net\/wp-content\/uploads\/2019\/09\/IMG_6264-683x1024.jpg 683w, https:\/\/kuse.eufu.net\/wp-content\/uploads\/2019\/09\/IMG_6264-200x300.jpg 200w, https:\/\/kuse.eufu.net\/wp-content\/uploads\/2019\/09\/IMG_6264-768x1152.jpg 768w, https:\/\/kuse.eufu.net\/wp-content\/uploads\/2019\/09\/IMG_6264.jpg 800w\" sizes=\"auto, (max-width: 683px) 100vw, 683px\" \/><\/figure><\/li><li class=\"blocks-gallery-item\"><figure><img loading=\"lazy\" decoding=\"async\" width=\"1024\" height=\"683\" src=\"http:\/\/kuse.eufu.net\/wp-content\/uploads\/2019\/09\/IMG_6325-1024x683.jpg\" alt=\"\" data-id=\"606\" data-link=\"http:\/\/kuse.eufu.net\/?attachment_id=606\" class=\"wp-image-606\" srcset=\"https:\/\/kuse.eufu.net\/wp-content\/uploads\/2019\/09\/IMG_6325-1024x683.jpg 1024w, https:\/\/kuse.eufu.net\/wp-content\/uploads\/2019\/09\/IMG_6325-300x200.jpg 300w, https:\/\/kuse.eufu.net\/wp-content\/uploads\/2019\/09\/IMG_6325-768x512.jpg 768w, https:\/\/kuse.eufu.net\/wp-content\/uploads\/2019\/09\/IMG_6325-960x640.jpg 960w, https:\/\/kuse.eufu.net\/wp-content\/uploads\/2019\/09\/IMG_6325.jpg 1200w\" sizes=\"auto, (max-width: 1024px) 100vw, 1024px\" \/><\/figure><\/li><li class=\"blocks-gallery-item\"><figure><img loading=\"lazy\" decoding=\"async\" width=\"1024\" height=\"683\" src=\"http:\/\/kuse.eufu.net\/wp-content\/uploads\/2019\/09\/IMG_6328-1024x683.jpg\" alt=\"\" data-id=\"607\" data-link=\"http:\/\/kuse.eufu.net\/?attachment_id=607\" class=\"wp-image-607\" srcset=\"https:\/\/kuse.eufu.net\/wp-content\/uploads\/2019\/09\/IMG_6328-1024x683.jpg 1024w, https:\/\/kuse.eufu.net\/wp-content\/uploads\/2019\/09\/IMG_6328-300x200.jpg 300w, https:\/\/kuse.eufu.net\/wp-content\/uploads\/2019\/09\/IMG_6328-768x512.jpg 768w, https:\/\/kuse.eufu.net\/wp-content\/uploads\/2019\/09\/IMG_6328-960x640.jpg 960w, https:\/\/kuse.eufu.net\/wp-content\/uploads\/2019\/09\/IMG_6328.jpg 1200w\" sizes=\"auto, (max-width: 1024px) 100vw, 1024px\" \/><\/figure><\/li><li class=\"blocks-gallery-item\"><figure><img loading=\"lazy\" decoding=\"async\" width=\"1000\" height=\"750\" src=\"http:\/\/kuse.eufu.net\/wp-content\/uploads\/2019\/09\/VA-Gel\u00e4nder-Bronze-Gesamt-klein.jpg\" alt=\"\" data-id=\"608\" data-link=\"http:\/\/kuse.eufu.net\/?attachment_id=608\" class=\"wp-image-608\" srcset=\"https:\/\/kuse.eufu.net\/wp-content\/uploads\/2019\/09\/VA-Gel\u00e4nder-Bronze-Gesamt-klein.jpg 1000w, https:\/\/kuse.eufu.net\/wp-content\/uploads\/2019\/09\/VA-Gel\u00e4nder-Bronze-Gesamt-klein-300x225.jpg 300w, https:\/\/kuse.eufu.net\/wp-content\/uploads\/2019\/09\/VA-Gel\u00e4nder-Bronze-Gesamt-klein-768x576.jpg 768w, https:\/\/kuse.eufu.net\/wp-content\/uploads\/2019\/09\/VA-Gel\u00e4nder-Bronze-Gesamt-klein-960x720.jpg 960w\" sizes=\"auto, (max-width: 1000px) 100vw, 1000px\" \/><\/figure><\/li><li class=\"blocks-gallery-item\"><figure><img loading=\"lazy\" decoding=\"async\" width=\"1000\" height=\"750\" src=\"http:\/\/kuse.eufu.net\/wp-content\/uploads\/2019\/09\/VA-Gel\u00e4nder-Bronze-Innen-klein.jpg\" alt=\"\" data-id=\"609\" data-link=\"http:\/\/kuse.eufu.net\/?attachment_id=609\" class=\"wp-image-609\" srcset=\"https:\/\/kuse.eufu.net\/wp-content\/uploads\/2019\/09\/VA-Gel\u00e4nder-Bronze-Innen-klein.jpg 1000w, https:\/\/kuse.eufu.net\/wp-content\/uploads\/2019\/09\/VA-Gel\u00e4nder-Bronze-Innen-klein-300x225.jpg 300w, https:\/\/kuse.eufu.net\/wp-content\/uploads\/2019\/09\/VA-Gel\u00e4nder-Bronze-Innen-klein-768x576.jpg 768w, https:\/\/kuse.eufu.net\/wp-content\/uploads\/2019\/09\/VA-Gel\u00e4nder-Bronze-Innen-klein-960x720.jpg 960w\" sizes=\"auto, (max-width: 1000px) 100vw, 1000px\" \/><\/figure><\/li><li class=\"blocks-gallery-item\"><figure><img loading=\"lazy\" decoding=\"async\" width=\"1000\" height=\"750\" src=\"http:\/\/kuse.eufu.net\/wp-content\/uploads\/2019\/09\/VA-Gel\u00e4nder-Ecke-Bronze-klein.jpg\" alt=\"\" data-id=\"610\" data-link=\"http:\/\/kuse.eufu.net\/?attachment_id=610\" class=\"wp-image-610\" srcset=\"https:\/\/kuse.eufu.net\/wp-content\/uploads\/2019\/09\/VA-Gel\u00e4nder-Ecke-Bronze-klein.jpg 1000w, https:\/\/kuse.eufu.net\/wp-content\/uploads\/2019\/09\/VA-Gel\u00e4nder-Ecke-Bronze-klein-300x225.jpg 300w, https:\/\/kuse.eufu.net\/wp-content\/uploads\/2019\/09\/VA-Gel\u00e4nder-Ecke-Bronze-klein-768x576.jpg 768w, https:\/\/kuse.eufu.net\/wp-content\/uploads\/2019\/09\/VA-Gel\u00e4nder-Ecke-Bronze-klein-960x720.jpg 960w\" sizes=\"auto, (max-width: 1000px) 100vw, 1000px\" \/><\/figure><\/li><li class=\"blocks-gallery-item\"><figure><img loading=\"lazy\" decoding=\"async\" width=\"1000\" height=\"667\" src=\"http:\/\/kuse.eufu.net\/wp-content\/uploads\/2019\/09\/VA-Gel\u00e4nder-Schr\u00f6-aussen-klein.jpg\" alt=\"\" data-id=\"611\" data-link=\"http:\/\/kuse.eufu.net\/?attachment_id=611\" class=\"wp-image-611\" srcset=\"https:\/\/kuse.eufu.net\/wp-content\/uploads\/2019\/09\/VA-Gel\u00e4nder-Schr\u00f6-aussen-klein.jpg 1000w, https:\/\/kuse.eufu.net\/wp-content\/uploads\/2019\/09\/VA-Gel\u00e4nder-Schr\u00f6-aussen-klein-300x200.jpg 300w, https:\/\/kuse.eufu.net\/wp-content\/uploads\/2019\/09\/VA-Gel\u00e4nder-Schr\u00f6-aussen-klein-768x512.jpg 768w, https:\/\/kuse.eufu.net\/wp-content\/uploads\/2019\/09\/VA-Gel\u00e4nder-Schr\u00f6-aussen-klein-960x640.jpg 960w\" sizes=\"auto, (max-width: 1000px) 100vw, 1000px\" \/><\/figure><\/li><li class=\"blocks-gallery-item\"><figure><img loading=\"lazy\" decoding=\"async\" width=\"1000\" height=\"667\" src=\"http:\/\/kuse.eufu.net\/wp-content\/uploads\/2019\/09\/VA-Gel\u00e4nder-Schr\u00f6-Innen-klein.jpg\" alt=\"\" data-id=\"612\" data-link=\"http:\/\/kuse.eufu.net\/?attachment_id=612\" class=\"wp-image-612\" srcset=\"https:\/\/kuse.eufu.net\/wp-content\/uploads\/2019\/09\/VA-Gel\u00e4nder-Schr\u00f6-Innen-klein.jpg 1000w, https:\/\/kuse.eufu.net\/wp-content\/uploads\/2019\/09\/VA-Gel\u00e4nder-Schr\u00f6-Innen-klein-300x200.jpg 300w, https:\/\/kuse.eufu.net\/wp-content\/uploads\/2019\/09\/VA-Gel\u00e4nder-Schr\u00f6-Innen-klein-768x512.jpg 768w, https:\/\/kuse.eufu.net\/wp-content\/uploads\/2019\/09\/VA-Gel\u00e4nder-Schr\u00f6-Innen-klein-960x640.jpg 960w\" sizes=\"auto, (max-width: 1000px) 100vw, 1000px\" \/><\/figure><\/li><\/ul>\n\n\n\n<h2 class=\"wp-block-heading\">Treppen<\/h2>\n\n\n\n<ul class=\"wp-block-gallery columns-3 is-cropped wp-block-gallery-3 is-layout-flex wp-block-gallery-is-layout-flex\"><li class=\"blocks-gallery-item\"><figure><img loading=\"lazy\" decoding=\"async\" width=\"1024\" height=\"683\" src=\"http:\/\/kuse.eufu.net\/wp-content\/uploads\/2019\/09\/Hammer-Spindeltreppe1-1024x683.jpg\" alt=\"\" data-id=\"614\" data-link=\"http:\/\/kuse.eufu.net\/?attachment_id=614\" class=\"wp-image-614\" srcset=\"https:\/\/kuse.eufu.net\/wp-content\/uploads\/2019\/09\/Hammer-Spindeltreppe1-1024x683.jpg 1024w, https:\/\/kuse.eufu.net\/wp-content\/uploads\/2019\/09\/Hammer-Spindeltreppe1-300x200.jpg 300w, https:\/\/kuse.eufu.net\/wp-content\/uploads\/2019\/09\/Hammer-Spindeltreppe1-768x512.jpg 768w, https:\/\/kuse.eufu.net\/wp-content\/uploads\/2019\/09\/Hammer-Spindeltreppe1-960x640.jpg 960w\" sizes=\"auto, (max-width: 1024px) 100vw, 1024px\" \/><\/figure><\/li><li class=\"blocks-gallery-item\"><figure><img loading=\"lazy\" decoding=\"async\" width=\"683\" height=\"1024\" src=\"http:\/\/kuse.eufu.net\/wp-content\/uploads\/2019\/09\/Hammer-Spindeltreppe3-klein-683x1024.jpg\" alt=\"\" data-id=\"615\" data-link=\"http:\/\/kuse.eufu.net\/?attachment_id=615\" class=\"wp-image-615\" srcset=\"https:\/\/kuse.eufu.net\/wp-content\/uploads\/2019\/09\/Hammer-Spindeltreppe3-klein-683x1024.jpg 683w, https:\/\/kuse.eufu.net\/wp-content\/uploads\/2019\/09\/Hammer-Spindeltreppe3-klein-200x300.jpg 200w, https:\/\/kuse.eufu.net\/wp-content\/uploads\/2019\/09\/Hammer-Spindeltreppe3-klein-768x1152.jpg 768w, https:\/\/kuse.eufu.net\/wp-content\/uploads\/2019\/09\/Hammer-Spindeltreppe3-klein-960x1440.jpg 960w, https:\/\/kuse.eufu.net\/wp-content\/uploads\/2019\/09\/Hammer-Spindeltreppe3-klein.jpg 1000w\" sizes=\"auto, (max-width: 683px) 100vw, 683px\" \/><\/figure><\/li><li class=\"blocks-gallery-item\"><figure><img loading=\"lazy\" decoding=\"async\" width=\"683\" height=\"1024\" src=\"http:\/\/kuse.eufu.net\/wp-content\/uploads\/2019\/09\/Hammer-Spindeltreppe4-683x1024.jpg\" alt=\"\" data-id=\"617\" data-link=\"http:\/\/kuse.eufu.net\/?attachment_id=617\" class=\"wp-image-617\" srcset=\"https:\/\/kuse.eufu.net\/wp-content\/uploads\/2019\/09\/Hammer-Spindeltreppe4-683x1024.jpg 683w, https:\/\/kuse.eufu.net\/wp-content\/uploads\/2019\/09\/Hammer-Spindeltreppe4-200x300.jpg 200w, https:\/\/kuse.eufu.net\/wp-content\/uploads\/2019\/09\/Hammer-Spindeltreppe4-768x1152.jpg 768w, https:\/\/kuse.eufu.net\/wp-content\/uploads\/2019\/09\/Hammer-Spindeltreppe4-960x1440.jpg 960w\" sizes=\"auto, (max-width: 683px) 100vw, 683px\" \/><\/figure><\/li><\/ul>\n","protected":false},"excerpt":{"rendered":"<p>Wir fertigen f\u00fcr Sie in Stahl und Edelstahl: Drehfl\u00fcgeltore Gel\u00e4nder Treppen<\/p>\n","protected":false},"author":1,"featured_media":0,"parent":25,"menu_order":1,"comment_status":"closed","ping_status":"closed","template":"page-templates\/full-width.php","meta":{"ngg_post_thumbnail":0,"footnotes":""},"class_list":["post-88","page","type-page","status-publish","h-entry","hentry","h-as-page"],"aioseo_notices":[],"_links":{"self":[{"href":"https:\/\/kuse.eufu.net\/index.php?rest_route=\/wp\/v2\/pages\/88","targetHints":{"allow":["GET"]}}],"collection":[{"href":"https:\/\/kuse.eufu.net\/index.php?rest_route=\/wp\/v2\/pages"}],"about":[{"href":"https:\/\/kuse.eufu.net\/index.php?rest_route=\/wp\/v2\/types\/page"}],"author":[{"embeddable":true,"href":"https:\/\/kuse.eufu.net\/index.php?rest_route=\/wp\/v2\/users\/1"}],"replies":[{"embeddable":true,"href":"https:\/\/kuse.eufu.net\/index.php?rest_route=%2Fwp%2Fv2%2Fcomments&post=88"}],"version-history":[{"count":3,"href":"https:\/\/kuse.eufu.net\/index.php?rest_route=\/wp\/v2\/pages\/88\/revisions"}],"predecessor-version":[{"id":618,"href":"https:\/\/kuse.eufu.net\/index.php?rest_route=\/wp\/v2\/pages\/88\/revisions\/618"}],"up":[{"embeddable":true,"href":"https:\/\/kuse.eufu.net\/index.php?rest_route=\/wp\/v2\/pages\/25"}],"wp:attachment":[{"href":"https:\/\/kuse.eufu.net\/index.php?rest_route=%2Fwp%2Fv2%2Fmedia&parent=88"}],"curies":[{"name":"wp","href":"https:\/\/api.w.org\/{rel}","templated":true}]}}