{"id":355,"date":"2019-01-20T17:11:15","date_gmt":"2019-01-20T15:11:15","guid":{"rendered":"http:\/\/kuse.eufu.net\/?page_id=355"},"modified":"2019-01-20T17:11:15","modified_gmt":"2019-01-20T15:11:15","slug":"rolltore-2","status":"publish","type":"page","link":"https:\/\/kuse.eufu.net\/?page_id=355","title":{"rendered":"Rolltore"},"content":{"rendered":"\n<figure class=\"wp-block-image\"><img loading=\"lazy\" decoding=\"async\" width=\"1024\" height=\"647\" src=\"http:\/\/kuse.eufu.net\/wp-content\/uploads\/2019\/01\/ROTO-06_72-1-1024x647.jpg\" alt=\"\" class=\"wp-image-356\" srcset=\"https:\/\/kuse.eufu.net\/wp-content\/uploads\/2019\/01\/ROTO-06_72-1-1024x647.jpg 1024w, https:\/\/kuse.eufu.net\/wp-content\/uploads\/2019\/01\/ROTO-06_72-1-300x190.jpg 300w, https:\/\/kuse.eufu.net\/wp-content\/uploads\/2019\/01\/ROTO-06_72-1-768x486.jpg 768w, https:\/\/kuse.eufu.net\/wp-content\/uploads\/2019\/01\/ROTO-06_72-1-960x607.jpg 960w, https:\/\/kuse.eufu.net\/wp-content\/uploads\/2019\/01\/ROTO-06_72-1.jpg 1191w\" sizes=\"auto, (max-width: 1024px) 100vw, 1024px\" \/><figcaption>ROTO<\/figcaption><\/figure>\n\n\n\n<p>Unsere Rolltore sind individuelle und universelle Torabschl\u00fcsse. Sie entsprechen allen g\u00fcltigen Richtlinien und Normen. Selbstverst\u00e4ndlich wird auch die Montage von uns nach den bestehenden DIN-Vorschriften ausgef\u00fchrt. Das Profildesign und die hochwertige Klarlackbeschichtung bei Alu-Toren machen Ihr Rolltor zur Visitenkarte Ihres Hauses. Auf Wunsch sind auch farbige Oberfl\u00e4chen m\u00f6glich. <\/p>\n\n\n\n<p>Sie haben die Wahl zwischen mehreren Rolltorausf\u00fchrungen sowie zahlreichen Austattungen und Zubeh\u00f6ren.<\/p>\n\n\n\n<figure class=\"wp-block-image\"><img loading=\"lazy\" decoding=\"async\" width=\"1024\" height=\"814\" src=\"http:\/\/kuse.eufu.net\/wp-content\/uploads\/2019\/01\/ROTO-01_72-1-1024x814.jpg\" alt=\"\" class=\"wp-image-358\" srcset=\"https:\/\/kuse.eufu.net\/wp-content\/uploads\/2019\/01\/ROTO-01_72-1-1024x814.jpg 1024w, https:\/\/kuse.eufu.net\/wp-content\/uploads\/2019\/01\/ROTO-01_72-1-300x239.jpg 300w, https:\/\/kuse.eufu.net\/wp-content\/uploads\/2019\/01\/ROTO-01_72-1-768x611.jpg 768w, https:\/\/kuse.eufu.net\/wp-content\/uploads\/2019\/01\/ROTO-01_72-1-960x763.jpg 960w, https:\/\/kuse.eufu.net\/wp-content\/uploads\/2019\/01\/ROTO-01_72-1.jpg 1772w\" sizes=\"auto, (max-width: 1024px) 100vw, 1024px\" \/><figcaption>ROTO<\/figcaption><\/figure>\n\n\n\n<table class=\"wp-block-table\"><tbody><tr><td>Gute W\u00e4rmed\u00e4mmung <\/td><\/tr><tr><td>Leiser Torlauf <\/td><\/tr><tr><td>Dauerelastische Kunststoff-Beschichtung zum Ausgleich von <br>Bodenunebenheiten <\/td><\/tr><tr><td>Automatische Verriegelung <\/td><\/tr><tr><td>Gestaltungsm\u00f6glichkeiten durch Farbvielfalt <\/td><\/tr><tr><td>Optional Sicht- und L\u00fcftungslamellen<\/td><\/tr><\/tbody><\/table>\n\n\n\n<figure class=\"wp-block-image\"><img loading=\"lazy\" decoding=\"async\" width=\"1005\" height=\"1024\" src=\"http:\/\/kuse.eufu.net\/wp-content\/uploads\/2019\/01\/ROTO-11_72-1005x1024.jpg\" alt=\"\" class=\"wp-image-357\" srcset=\"https:\/\/kuse.eufu.net\/wp-content\/uploads\/2019\/01\/ROTO-11_72-1005x1024.jpg 1005w, https:\/\/kuse.eufu.net\/wp-content\/uploads\/2019\/01\/ROTO-11_72-294x300.jpg 294w, https:\/\/kuse.eufu.net\/wp-content\/uploads\/2019\/01\/ROTO-11_72-768x782.jpg 768w, https:\/\/kuse.eufu.net\/wp-content\/uploads\/2019\/01\/ROTO-11_72-960x978.jpg 960w, https:\/\/kuse.eufu.net\/wp-content\/uploads\/2019\/01\/ROTO-11_72.jpg 1063w\" sizes=\"auto, (max-width: 1005px) 100vw, 1005px\" \/><figcaption>ROTO<\/figcaption><\/figure>\n","protected":false},"excerpt":{"rendered":"<p>Unsere Rolltore sind individuelle und universelle Torabschl\u00fcsse. Sie entsprechen allen g\u00fcltigen Richtlinien und Normen. Selbstverst\u00e4ndlich wird auch die Montage von uns nach den bestehenden DIN-Vorschriften ausgef\u00fchrt. Das Profildesign und die hochwertige Klarlackbeschichtung bei Alu-Toren machen Ihr Rolltor zur Visitenkarte Ihres Hauses. Auf Wunsch sind auch farbige Oberfl\u00e4chen m\u00f6glich. Sie haben die Wahl zwischen mehreren Rolltorausf\u00fchrungen <a href=\"https:\/\/kuse.eufu.net\/?page_id=355\" class=\"more-link\">...weiterlesen<span class=\"screen-reader-text\"> \"Rolltore\"<\/span><\/a><\/p>\n","protected":false},"author":1,"featured_media":0,"parent":0,"menu_order":0,"comment_status":"closed","ping_status":"closed","template":"","meta":{"ngg_post_thumbnail":0,"footnotes":""},"class_list":["post-355","page","type-page","status-publish","h-entry","hentry","h-as-page"],"aioseo_notices":[],"_links":{"self":[{"href":"https:\/\/kuse.eufu.net\/index.php?rest_route=\/wp\/v2\/pages\/355","targetHints":{"allow":["GET"]}}],"collection":[{"href":"https:\/\/kuse.eufu.net\/index.php?rest_route=\/wp\/v2\/pages"}],"about":[{"href":"https:\/\/kuse.eufu.net\/index.php?rest_route=\/wp\/v2\/types\/page"}],"author":[{"embeddable":true,"href":"https:\/\/kuse.eufu.net\/index.php?rest_route=\/wp\/v2\/users\/1"}],"replies":[{"embeddable":true,"href":"https:\/\/kuse.eufu.net\/index.php?rest_route=%2Fwp%2Fv2%2Fcomments&post=355"}],"version-history":[{"count":1,"href":"https:\/\/kuse.eufu.net\/index.php?rest_route=\/wp\/v2\/pages\/355\/revisions"}],"predecessor-version":[{"id":360,"href":"https:\/\/kuse.eufu.net\/index.php?rest_route=\/wp\/v2\/pages\/355\/revisions\/360"}],"wp:attachment":[{"href":"https:\/\/kuse.eufu.net\/index.php?rest_route=%2Fwp%2Fv2%2Fmedia&parent=355"}],"curies":[{"name":"wp","href":"https:\/\/api.w.org\/{rel}","templated":true}]}}