{"id":336,"date":"2019-01-20T16:55:04","date_gmt":"2019-01-20T14:55:04","guid":{"rendered":"http:\/\/kuse.eufu.net\/?page_id=336"},"modified":"2019-09-06T11:52:27","modified_gmt":"2019-09-06T09:52:27","slug":"brandschutz-schiebetore","status":"publish","type":"page","link":"https:\/\/kuse.eufu.net\/?page_id=336","title":{"rendered":"Brandschutz- Schiebetore"},"content":{"rendered":"\n<p>Feuerschutzabschl\u00fcsse sind selbstschlie\u00dfend und verhindern den Durchtritt von Feuer durch Wand\u00f6ffnungen. Jede Bauart ist nach DIN 4102 von amtlicher Stelle gepr\u00fcft und vom Deutschen Institut f\u00fcr Bautechnik in Berlin durch Bescheid allgemein bauaufsichtlich zugelassen. <\/p>\n\n\n\n<figure class=\"wp-block-image\"><img loading=\"lazy\" decoding=\"async\" width=\"878\" height=\"1024\" src=\"http:\/\/kuse.eufu.net\/wp-content\/uploads\/2019\/01\/Feuerschutz-Schiebetor_300_RZ_72dpi-878x1024.jpg\" alt=\"\" class=\"wp-image-343\" srcset=\"https:\/\/kuse.eufu.net\/wp-content\/uploads\/2019\/01\/Feuerschutz-Schiebetor_300_RZ_72dpi-878x1024.jpg 878w, https:\/\/kuse.eufu.net\/wp-content\/uploads\/2019\/01\/Feuerschutz-Schiebetor_300_RZ_72dpi-257x300.jpg 257w, https:\/\/kuse.eufu.net\/wp-content\/uploads\/2019\/01\/Feuerschutz-Schiebetor_300_RZ_72dpi-768x896.jpg 768w, https:\/\/kuse.eufu.net\/wp-content\/uploads\/2019\/01\/Feuerschutz-Schiebetor_300_RZ_72dpi-960x1120.jpg 960w\" sizes=\"auto, (max-width: 878px) 100vw, 878px\" \/><figcaption>Novoferm Schiebetor<\/figcaption><\/figure>\n\n\n\n<p>Feuerschutz-Schiebetore eignen sich sowohl f\u00fcr Niedrigsturz als auch f\u00fcr stumpfe Deckenmontage. Sie bestechen besonders durch hervorragende Laufeigenschaften sowie ihre ansprechende Optik durch die planebene Oberfl\u00e4che. Eine Freilauffunktion wird optional ebenfalls angeboten.<br><br>Dank der transport- und montagefreundlichen Elementbauweise sind auch gro\u00dfe Tordimensionen realisierbar. <\/p>\n\n\n\n<figure class=\"wp-block-image\"><img loading=\"lazy\" decoding=\"async\" width=\"1024\" height=\"769\" src=\"http:\/\/kuse.eufu.net\/wp-content\/uploads\/2019\/01\/FSSBT-007-A6_fast_geschlossen_72dpi-1024x769.jpg\" alt=\"\" class=\"wp-image-345\" srcset=\"https:\/\/kuse.eufu.net\/wp-content\/uploads\/2019\/01\/FSSBT-007-A6_fast_geschlossen_72dpi-1024x769.jpg 1024w, https:\/\/kuse.eufu.net\/wp-content\/uploads\/2019\/01\/FSSBT-007-A6_fast_geschlossen_72dpi-300x225.jpg 300w, https:\/\/kuse.eufu.net\/wp-content\/uploads\/2019\/01\/FSSBT-007-A6_fast_geschlossen_72dpi-768x577.jpg 768w, https:\/\/kuse.eufu.net\/wp-content\/uploads\/2019\/01\/FSSBT-007-A6_fast_geschlossen_72dpi-960x721.jpg 960w, https:\/\/kuse.eufu.net\/wp-content\/uploads\/2019\/01\/FSSBT-007-A6_fast_geschlossen_72dpi.jpg 1811w\" sizes=\"auto, (max-width: 1024px) 100vw, 1024px\" \/><figcaption>Novoferm Schiebetor<br><\/figcaption><\/figure>\n\n\n\n<p>Schiebetore gibt es als Rauchschutz- sowie als Brandschutzausf\u00fchrung T30 und T90. Verschaffen Sie sich selbst einen \u00dcberblick!<\/p>\n\n\n\n<table class=\"wp-block-table\"><tbody><tr><td>Als Brand- und Rauchschutzausf\u00fchrung erh\u00e4ltlich <\/td><\/tr><tr><td>In ein- und zweifl\u00fcgeliger Ausf\u00fchrung erh\u00e4ltlich <\/td><\/tr><tr><td>Mit integrierter, schwellenloser Schlupft\u00fcr m\u00f6glich <\/td><\/tr><tr><td>Integrierbar in die Geb\u00e4udearchitektur durch Wand- und <br>Deckenklappen <\/td><\/tr><tr><td>Sicherheitsbremsleiste bietet Schutz gegen Einklemmen und Quetschen <\/td><\/tr><tr><td>Innovative Freilauffunktion, um Feuerschutz-Schiebetore mit leichtem <br>Druck in jede beliebige Stellung zu bewegen <\/td><\/tr><tr><td>Zahlreiche Ausstattungsvarianten \u2013 nat\u00fcrlich mit bauaufsichtlicher <br>Zulassung \u2013 erm\u00f6glichen eine objektspezifische Anpassung der ein- bzw. zweifl\u00fcgeligen Feuerschutz-Schiebetore<\/td><\/tr><\/tbody><\/table>\n\n\n\n<figure class=\"wp-block-image\"><img loading=\"lazy\" decoding=\"async\" width=\"1024\" height=\"715\" src=\"http:\/\/kuse.eufu.net\/wp-content\/uploads\/2019\/01\/FSSBT-017-A6-4c-1000_72dpi-1024x715.jpg\" alt=\"\" class=\"wp-image-346\" srcset=\"https:\/\/kuse.eufu.net\/wp-content\/uploads\/2019\/01\/FSSBT-017-A6-4c-1000_72dpi-1024x715.jpg 1024w, https:\/\/kuse.eufu.net\/wp-content\/uploads\/2019\/01\/FSSBT-017-A6-4c-1000_72dpi-300x210.jpg 300w, https:\/\/kuse.eufu.net\/wp-content\/uploads\/2019\/01\/FSSBT-017-A6-4c-1000_72dpi-768x536.jpg 768w, https:\/\/kuse.eufu.net\/wp-content\/uploads\/2019\/01\/FSSBT-017-A6-4c-1000_72dpi-960x670.jpg 960w\" sizes=\"auto, (max-width: 1024px) 100vw, 1024px\" \/><figcaption>Novoferm Schiebetor<\/figcaption><\/figure>\n\n\n\n<p>Zahlreiche Ausstattungsvarianten \u2013 nat\u00fcrlich mit bauaufsichtlicher Zulassung \u2013 erm\u00f6glichen eine objektspezifische Anpassung der ein- bzw. zweifl\u00fcgeligen Feuerschutz-Schiebetore. <\/p>\n\n\n\n<p>So k\u00f6nnen dank einer Feststellanlage mit Ausl\u00f6sevorrichtung die Tore \u00fcberwiegend ge\u00f6ffnet bleiben und schlie\u00dfen im Brandfall zuverl\u00e4ssig. <\/p>\n\n\n\n<figure class=\"wp-block-image\"><img loading=\"lazy\" decoding=\"async\" width=\"846\" height=\"878\" src=\"http:\/\/kuse.eufu.net\/wp-content\/uploads\/2019\/01\/SKE-Titel-RGB_72dpi.jpg\" alt=\"\" class=\"wp-image-347\" srcset=\"https:\/\/kuse.eufu.net\/wp-content\/uploads\/2019\/01\/SKE-Titel-RGB_72dpi.jpg 846w, https:\/\/kuse.eufu.net\/wp-content\/uploads\/2019\/01\/SKE-Titel-RGB_72dpi-289x300.jpg 289w, https:\/\/kuse.eufu.net\/wp-content\/uploads\/2019\/01\/SKE-Titel-RGB_72dpi-768x797.jpg 768w\" sizes=\"auto, (max-width: 846px) 100vw, 846px\" \/><\/figure>\n\n\n\n<p>Mit Freilauffunktion lassen sich die Tore in jeder Position abstellen. Schlupft\u00fcren sorgen f\u00fcr bequemen Durchgang bei geschlossenem Tor.<br>Sowohl die Schiebetor-Paneele als auch die Schlupft\u00fcren k\u00f6nnen mit T30- bzw. T90-Brandschutzverglasungen gebaut werden. Einfl\u00fcgelige T90-Tore sind auch in Edelstahlausf\u00fchrung lieferbar.Mit Freilauffunktion lassen sich die Tore in jeder Position abstellen. Schlupft\u00fcren sorgen f\u00fcr bequemen Durchgang bei geschlossenem Tor.<\/p>\n","protected":false},"excerpt":{"rendered":"<p>Feuerschutzabschl\u00fcsse sind selbstschlie\u00dfend und verhindern den Durchtritt von Feuer durch Wand\u00f6ffnungen. Jede Bauart ist nach DIN 4102 von amtlicher Stelle gepr\u00fcft und vom Deutschen Institut f\u00fcr Bautechnik in Berlin durch Bescheid allgemein bauaufsichtlich zugelassen. Feuerschutz-Schiebetore eignen sich sowohl f\u00fcr Niedrigsturz als auch f\u00fcr stumpfe Deckenmontage. Sie bestechen besonders durch hervorragende Laufeigenschaften sowie ihre ansprechende Optik <a href=\"https:\/\/kuse.eufu.net\/?page_id=336\" class=\"more-link\">...weiterlesen<span class=\"screen-reader-text\"> \"Brandschutz- Schiebetore\"<\/span><\/a><\/p>\n","protected":false},"author":1,"featured_media":0,"parent":303,"menu_order":0,"comment_status":"closed","ping_status":"closed","template":"","meta":{"ngg_post_thumbnail":0,"footnotes":""},"class_list":["post-336","page","type-page","status-publish","h-entry","hentry","h-as-page"],"aioseo_notices":[],"_links":{"self":[{"href":"https:\/\/kuse.eufu.net\/index.php?rest_route=\/wp\/v2\/pages\/336","targetHints":{"allow":["GET"]}}],"collection":[{"href":"https:\/\/kuse.eufu.net\/index.php?rest_route=\/wp\/v2\/pages"}],"about":[{"href":"https:\/\/kuse.eufu.net\/index.php?rest_route=\/wp\/v2\/types\/page"}],"author":[{"embeddable":true,"href":"https:\/\/kuse.eufu.net\/index.php?rest_route=\/wp\/v2\/users\/1"}],"replies":[{"embeddable":true,"href":"https:\/\/kuse.eufu.net\/index.php?rest_route=%2Fwp%2Fv2%2Fcomments&post=336"}],"version-history":[{"count":1,"href":"https:\/\/kuse.eufu.net\/index.php?rest_route=\/wp\/v2\/pages\/336\/revisions"}],"predecessor-version":[{"id":349,"href":"https:\/\/kuse.eufu.net\/index.php?rest_route=\/wp\/v2\/pages\/336\/revisions\/349"}],"up":[{"embeddable":true,"href":"https:\/\/kuse.eufu.net\/index.php?rest_route=\/wp\/v2\/pages\/303"}],"wp:attachment":[{"href":"https:\/\/kuse.eufu.net\/index.php?rest_route=%2Fwp%2Fv2%2Fmedia&parent=336"}],"curies":[{"name":"wp","href":"https:\/\/api.w.org\/{rel}","templated":true}]}}