{"id":303,"date":"2019-01-20T15:14:28","date_gmt":"2019-01-20T13:14:28","guid":{"rendered":"http:\/\/kuse.eufu.net\/?page_id=303"},"modified":"2019-09-06T13:45:11","modified_gmt":"2019-09-06T11:45:11","slug":"brandschutz","status":"publish","type":"page","link":"https:\/\/kuse.eufu.net\/?page_id=303","title":{"rendered":"Brandschutz"},"content":{"rendered":"\n<p class=\"has-medium-font-size\">Vorbeugender Brandschutz kann Leben retten!<\/p>\n\n\n\n<figure class=\"wp-block-image\"><img loading=\"lazy\" decoding=\"async\" width=\"1024\" height=\"723\" src=\"http:\/\/kuse.eufu.net\/wp-content\/uploads\/2019\/01\/BST-mit-Feuer-1024x723.png\" alt=\"\" class=\"wp-image-286\" srcset=\"https:\/\/kuse.eufu.net\/wp-content\/uploads\/2019\/01\/BST-mit-Feuer-1024x723.png 1024w, https:\/\/kuse.eufu.net\/wp-content\/uploads\/2019\/01\/BST-mit-Feuer-300x212.png 300w, https:\/\/kuse.eufu.net\/wp-content\/uploads\/2019\/01\/BST-mit-Feuer-768x542.png 768w, https:\/\/kuse.eufu.net\/wp-content\/uploads\/2019\/01\/BST-mit-Feuer-960x677.png 960w\" sizes=\"auto, (max-width: 1024px) 100vw, 1024px\" \/><\/figure>\n\n\n\n<ul class=\"wp-block-list\"><li><strong>Feuerschutzt\u00fcren<\/strong><\/li><li><strong>Feuerschutztore<\/strong><\/li><li><strong>Feststellanlagen<\/strong><\/li><li><strong>T\u00fcren f\u00fcr Flucht- und Rettungswege<\/strong><\/li><\/ul>\n\n\n\n<p>Ein Feuerschutzabschluss hat die Aufgabe, \u00d6ffnungen in feuerhemmenden oder feuerbest\u00e4ndigen W\u00e4nden gegen den Durchtritt von Feuer zu sichern. Dieses sind selbstschlie\u00dfende T\u00fcren (Brandschutzt\u00fcren) oder Tore. <\/p>\n\n\n\n<figure class=\"wp-block-image\"><img loading=\"lazy\" decoding=\"async\" width=\"765\" height=\"509\" src=\"http:\/\/kuse.eufu.net\/wp-content\/uploads\/2019\/01\/101208_0082_bearb_72dpi.jpg\" alt=\"\" class=\"wp-image-312\" srcset=\"https:\/\/kuse.eufu.net\/wp-content\/uploads\/2019\/01\/101208_0082_bearb_72dpi.jpg 765w, https:\/\/kuse.eufu.net\/wp-content\/uploads\/2019\/01\/101208_0082_bearb_72dpi-300x200.jpg 300w\" sizes=\"auto, (max-width: 765px) 100vw, 765px\" \/><figcaption>Novoferm Brandschutz- Schiebetor<br><\/figcaption><\/figure>\n\n\n\n<p>Im Allgemeinen werden Feuerschutzabschl\u00fcsse in \u00d6ffnungen von Trennw\u00e4nden und Brandw\u00e4nden gefordert. Zur Unterteilung von mehr als 30&nbsp;m langen Fluren m\u00fcssen beispielsweise Rauchschutzt\u00fcren eingesetzt werden. Brandschutzfenster erfordern ebenfalls spezielle Konstruktionen.<\/p>\n\n\n\n<p>Die Anforderungen an Feuerschutzabschl\u00fcsse werden in der DIN 4102-5 geregelt. Es gibt folgende Feuerwiderstandsklassen: T30, T60, T90, T120 und T180. Die Zahl hinter dem T gibt die Dauer in Minuten an, f\u00fcr welche Dauer der Feuerschutzabschluss den Durchtritt des Feuers (nicht des Rauches) verhindern und sich dann noch \u00f6ffnen lassen muss. <\/p>\n\n\n\n<figure class=\"wp-block-image\"><img loading=\"lazy\" decoding=\"async\" width=\"1024\" height=\"683\" src=\"http:\/\/kuse.eufu.net\/wp-content\/uploads\/2019\/01\/AB__0033_RZ_B04_72dpi-1024x683.jpg\" alt=\"\" class=\"wp-image-311\" srcset=\"https:\/\/kuse.eufu.net\/wp-content\/uploads\/2019\/01\/AB__0033_RZ_B04_72dpi-1024x683.jpg 1024w, https:\/\/kuse.eufu.net\/wp-content\/uploads\/2019\/01\/AB__0033_RZ_B04_72dpi-300x200.jpg 300w, https:\/\/kuse.eufu.net\/wp-content\/uploads\/2019\/01\/AB__0033_RZ_B04_72dpi-768x512.jpg 768w, https:\/\/kuse.eufu.net\/wp-content\/uploads\/2019\/01\/AB__0033_RZ_B04_72dpi-960x640.jpg 960w\" sizes=\"auto, (max-width: 1024px) 100vw, 1024px\" \/><figcaption>Novoferm Brandschutzt\u00fcre NovoFire<\/figcaption><\/figure>\n\n\n\n<p>Es wird unterschieden zwischen feuerhemmenden (T30), hochfeuerhemmenden (T60) und feuerbest\u00e4ndigen Feuerschutzabschl\u00fcssen (T90). Diese sind wiederum unterteilt in einfl\u00fcglige T\u00fcren z.&nbsp;B. (T90-1) und zweifl\u00fcgelige T\u00fcren z.&nbsp;B. (T90-2).\n<\/p>\n\n\n\n<p>Welche Feuerwiderstandsklasse f\u00fcr einen Feuerschutzabschluss erforderlich ist, richtet sich nach der Geb\u00e4udenutzung und den Anforderungen an die Wand, in die er eingebaut wird. Verglasungen, welche in Feuerschutzabschl\u00fcsse eingebaut werden, m\u00fcssen f\u00fcr dieselbe Feuerwiderstandsklasse, wie der Feuerschutzabschluss zugelassen sein (z.&nbsp;B. F90-Verglasung in T90-T\u00fcren). <\/p>\n\n\n\n<figure class=\"wp-block-image\"><img loading=\"lazy\" decoding=\"async\" width=\"1024\" height=\"998\" src=\"http:\/\/kuse.eufu.net\/wp-content\/uploads\/2019\/01\/Audi_Retusche_Premio_neue_T\u00fcr_final-1024x998.jpg\" alt=\"\" class=\"wp-image-313\" srcset=\"https:\/\/kuse.eufu.net\/wp-content\/uploads\/2019\/01\/Audi_Retusche_Premio_neue_T\u00fcr_final-1024x998.jpg 1024w, https:\/\/kuse.eufu.net\/wp-content\/uploads\/2019\/01\/Audi_Retusche_Premio_neue_T\u00fcr_final-300x292.jpg 300w, https:\/\/kuse.eufu.net\/wp-content\/uploads\/2019\/01\/Audi_Retusche_Premio_neue_T\u00fcr_final-768x749.jpg 768w, https:\/\/kuse.eufu.net\/wp-content\/uploads\/2019\/01\/Audi_Retusche_Premio_neue_T\u00fcr_final-960x936.jpg 960w, https:\/\/kuse.eufu.net\/wp-content\/uploads\/2019\/01\/Audi_Retusche_Premio_neue_T\u00fcr_final.jpg 1147w\" sizes=\"auto, (max-width: 1024px) 100vw, 1024px\" \/><figcaption>Novoferm Brandschutzt\u00fcre NovoPorta Premio<\/figcaption><\/figure>\n\n\n\n<p>Feuerschutzabschl\u00fcsse m\u00fcssen immer selbstschlie\u00dfend sein. Sie mit Keilen oder \u00e4hnlichem offen zu halten, ist in Deutschland strafbar (\u00a7&nbsp;145 StGB). Teilweise verf\u00fcgen Feuerschutzabschl\u00fcsse \u00fcber Feststellanlagen, welche die Feuerschutzabschl\u00fcsse offen halten. \u00dcber autarke Brandmelder gesteuert, werden diese Feuerschutzabschl\u00fcsse bei Branddetektion automatisch geschlossen. <\/p>\n\n\n\n<p>Zus\u00e4tzlich k\u00f6nnen Feuerschutzabschl\u00fcsse auch rauchdicht sein, um die Verbreitung von Rauch zu verhindern. Ein Feuerschutzabschluss ist nicht zwangsl\u00e4ufig rauchdicht, umgekehrt gibt es rauchdichte T\u00fcren, die keine Anforderung an den Feuerwiderstand erf\u00fcllen. Die genauen Anforderungen an Rauchschutzt\u00fcren regelt die DIN 18095. Eine T\u00fcr der Feuerwiderstandsklasse T30 mit Rauchschutzfunktion nach DIN 18095 nennt sich T30-RS. <\/p>\n\n\n\n<p>Die Rauchdichtigkeit wird \u00fcber eine allseitig umlaufende Dichtung gew\u00e4hrleistet, die im eingebauten und geschlossenen Zustand den Durchtritt von kaltem und hei\u00dfem Rauch (bis zu 200&nbsp;\u00b0C) verhindert. Sie sollen im Brandfall f\u00fcr eine Zeitdauer von etwa 10 Minuten die Rettung von Menschen und Tieren ohne Atemschutzmaske gew\u00e4hrleisten. Rauchschutzt\u00fcren m\u00fcssen ebenfalls immer selbstschlie\u00dfend sein. <\/p>\n\n\n\n<figure class=\"wp-block-image\"><img loading=\"lazy\" decoding=\"async\" width=\"683\" height=\"1024\" src=\"http:\/\/kuse.eufu.net\/wp-content\/uploads\/2019\/01\/DSC5604201210-683x1024.jpg\" alt=\"\" class=\"wp-image-314\" srcset=\"https:\/\/kuse.eufu.net\/wp-content\/uploads\/2019\/01\/DSC5604201210-683x1024.jpg 683w, https:\/\/kuse.eufu.net\/wp-content\/uploads\/2019\/01\/DSC5604201210-200x300.jpg 200w, https:\/\/kuse.eufu.net\/wp-content\/uploads\/2019\/01\/DSC5604201210-768x1152.jpg 768w, https:\/\/kuse.eufu.net\/wp-content\/uploads\/2019\/01\/DSC5604201210-960x1440.jpg 960w, https:\/\/kuse.eufu.net\/wp-content\/uploads\/2019\/01\/DSC5604201210.jpg 1067w\" sizes=\"auto, (max-width: 683px) 100vw, 683px\" \/><figcaption>Novoferm Brandschutzklappe NovoPorta Premio<\/figcaption><\/figure>\n\n\n\n<p>Feuerschutzabschl\u00fcsse m\u00fcssen vom Deutschen Institut f\u00fcr Bautechnik (DIBt) bauaufsichtlich zugelassen sein.  Diese Zulassungen werden in der Regel f\u00fcr 5 Jahre erteilt und auf Antragsstellung auch ggf. verl\u00e4ngert. Erlischt eine Zulassung, ist die Grundlage f\u00fcr die Verwendung als Feuerschutzabschluss im Sinne der Landesbauordnungen nicht mehr erbringbar und der Feuerschutzabschluss kann nicht mehr verwendet werden. Es sei denn, der Feuerschutzabschluss wurde vor Ablauf des Zulassungsbescheides eingebaut und der \u00dcbereinstimmungsnachweis der Firma, die den Einbau der T\u00fcre vor Ablauf des Bescheides vorgenommen hat, ist noch verf\u00fcgbar und wurde vom Betreiber aufbewahrt. Auf Brandschutzt\u00fcren ist dauerhaft ein Schild angebracht, auf dem die Zulassungsnummer des DIBt (fr\u00fcher IfBt) eingepr\u00e4gt ist, z.&nbsp;B. gro\u00dfes \u00dc T 30-2 MPA NRW Z-1.2-3456; dieses liest sich wie folgt: 2-fl\u00fcgelige T\u00fcr, 30 Minuten feuerhemmend, \u00fcberwacht durch das Materialpr\u00fcfungsamt Nordrhein-Westfalen, Zulassung durch DIBt mit Zulassungsbescheid mit Nummer Z-X-xxxx. Dieses Schild ist vergleichbar mit einem Kfz-Kennzeichen und darf nicht entfernt werden; sollte es fehlen, ist die Zulassung als Feuerschutzabschluss erloschen oder niemals erbracht worden. <\/p>\n\n\n\n<p>Folgende Bestandteile sollten bei einer ordnungsgem\u00e4\u00df eingebauten Feuerschutzt\u00fcr vorhanden sein:\n<\/p>\n\n\n\n<ul class=\"wp-block-list\"><li>Zulassungsschild auf dem T\u00fcrblatt,<\/li><li>\u00dcbereinstimmungserkl\u00e4rung der Montagefirma (des Errichters) \u00fcber den sachgerechten Einbau und zulassungskonforme Montage der T\u00fcr,<\/li><li>Wartungsanleitung,<\/li><li>Zulassungsbescheid des DIBt.<\/li><\/ul>\n\n\n\n<p>Rauchschutzt\u00fcren ben\u00f6tigen lediglich ein allgemeines bauaufsichtliches Pr\u00fcfzeugnis einer anerkannten Pr\u00fcfstelle. Die Zulassung regelt auch den Einbau. Brandschutzt\u00fcren (ebenso Rauchschutzt\u00fcren) bilden eine Einheit aus T\u00fcrzarge, T\u00fcrblatt und den f\u00fcr die Funktion erforderlichen Beschl\u00e4gen. <\/p>\n\n\n\n<p>Brand- und Rauchschutzt\u00fcren verschiedener Klassen gibt es sowohl aus Stahl, Aluminium und Holz, als auch als Mischkonstruktionen dieser Materialien. Ebenso sind (mehr oder minder gro\u00dffl\u00e4chige) Elemente aus temperaturbest\u00e4ndigem Glas m\u00f6glich.<\/p>\n\n\n\n<p style=\"font-size:8px\">Quelle: <a href=\"https:\/\/de.wikipedia.org\/wiki\/Feuerschutzabschluss\">Wikipedia<\/a><\/p>\n","protected":false},"excerpt":{"rendered":"<p>Vorbeugender Brandschutz kann Leben retten! Feuerschutzt\u00fcren Feuerschutztore Feststellanlagen T\u00fcren f\u00fcr Flucht- und Rettungswege Ein Feuerschutzabschluss hat die Aufgabe, \u00d6ffnungen in feuerhemmenden oder feuerbest\u00e4ndigen W\u00e4nden gegen den Durchtritt von Feuer zu sichern. Dieses sind selbstschlie\u00dfende T\u00fcren (Brandschutzt\u00fcren) oder Tore. Im Allgemeinen werden Feuerschutzabschl\u00fcsse in \u00d6ffnungen von Trennw\u00e4nden und Brandw\u00e4nden gefordert. Zur Unterteilung von mehr als 30&nbsp;m <a href=\"https:\/\/kuse.eufu.net\/?page_id=303\" class=\"more-link\">...weiterlesen<span class=\"screen-reader-text\"> \"Brandschutz\"<\/span><\/a><\/p>\n","protected":false},"author":1,"featured_media":0,"parent":0,"menu_order":0,"comment_status":"closed","ping_status":"closed","template":"","meta":{"ngg_post_thumbnail":0,"footnotes":""},"class_list":["post-303","page","type-page","status-publish","h-entry","hentry","h-as-page"],"aioseo_notices":[],"_links":{"self":[{"href":"https:\/\/kuse.eufu.net\/index.php?rest_route=\/wp\/v2\/pages\/303","targetHints":{"allow":["GET"]}}],"collection":[{"href":"https:\/\/kuse.eufu.net\/index.php?rest_route=\/wp\/v2\/pages"}],"about":[{"href":"https:\/\/kuse.eufu.net\/index.php?rest_route=\/wp\/v2\/types\/page"}],"author":[{"embeddable":true,"href":"https:\/\/kuse.eufu.net\/index.php?rest_route=\/wp\/v2\/users\/1"}],"replies":[{"embeddable":true,"href":"https:\/\/kuse.eufu.net\/index.php?rest_route=%2Fwp%2Fv2%2Fcomments&post=303"}],"version-history":[{"count":4,"href":"https:\/\/kuse.eufu.net\/index.php?rest_route=\/wp\/v2\/pages\/303\/revisions"}],"predecessor-version":[{"id":623,"href":"https:\/\/kuse.eufu.net\/index.php?rest_route=\/wp\/v2\/pages\/303\/revisions\/623"}],"wp:attachment":[{"href":"https:\/\/kuse.eufu.net\/index.php?rest_route=%2Fwp%2Fv2%2Fmedia&parent=303"}],"curies":[{"name":"wp","href":"https:\/\/api.w.org\/{rel}","templated":true}]}}