{"id":21,"date":"2013-07-19T18:34:40","date_gmt":"2013-07-19T16:34:40","guid":{"rendered":"http:\/\/kuse.eufu.net\/?page_id=21"},"modified":"2019-09-06T12:42:22","modified_gmt":"2019-09-06T10:42:22","slug":"service","status":"publish","type":"page","link":"https:\/\/kuse.eufu.net\/?page_id=21","title":{"rendered":"Pr\u00fcfung von kraftbetriebenen T\u00fcren- und Toren gem\u00e4\u00df ASR A1.7"},"content":{"rendered":"\n<div class=\"wp-block-image\"><figure class=\"aligncenter is-resized\"><img loading=\"lazy\" decoding=\"async\" src=\"http:\/\/kuse.eufu.net\/wp-content\/uploads\/2019\/09\/Kuse-Metallbau-Pr\u00fcfung-ASR-A1.7-1-680x1024.png\" alt=\"\" class=\"wp-image-595\" width=\"273\" height=\"411\" srcset=\"https:\/\/kuse.eufu.net\/wp-content\/uploads\/2019\/09\/Kuse-Metallbau-Pr\u00fcfung-ASR-A1.7-1-680x1024.png 680w, https:\/\/kuse.eufu.net\/wp-content\/uploads\/2019\/09\/Kuse-Metallbau-Pr\u00fcfung-ASR-A1.7-1-199x300.png 199w, https:\/\/kuse.eufu.net\/wp-content\/uploads\/2019\/09\/Kuse-Metallbau-Pr\u00fcfung-ASR-A1.7-1-768x1157.png 768w, https:\/\/kuse.eufu.net\/wp-content\/uploads\/2019\/09\/Kuse-Metallbau-Pr\u00fcfung-ASR-A1.7-1-960x1446.png 960w, https:\/\/kuse.eufu.net\/wp-content\/uploads\/2019\/09\/Kuse-Metallbau-Pr\u00fcfung-ASR-A1.7-1.png 1642w\" sizes=\"auto, (max-width: 273px) 100vw, 273px\" \/><\/figure><\/div>\n\n\n\n<h3 class=\"wp-block-heading\">Erl\u00e4uterung der ASR A1.7<\/h3>\n\n\n\n<p>Die ASR A1.7 <strong>konkretisiert die Arbeitsst\u00e4ttenverordnung<\/strong> in Bezug auf sicherheitstechnische Ausstattung, Betrieb, Pr\u00fcffristen (j\u00e4hrliche sicherheitstechnische Pr\u00fcfung), Kr\u00e4ftepr\u00fcfung (Betriebskr\u00e4ftepr\u00fcfung), Sachkundenachweis, Kennzeichnung, Quetsch- und Scherstellen. Sie ersetzt unter anderen die BGR (Berufs-Genossenschaftliche Regeln f\u00fcr Sicherheit und Gesundheit bei der Arbeit) 232 Kraftbet\u00e4tigte Fenster, T\u00fcren und Tore sowie die alten Arbeitsst\u00e4ttenrichtlinien 11\/1-5 Kraftbet\u00e4tigte T\u00fcren und Tore, 10\/1 T\u00fcren und Tore und 10\/6 Schutz gegen Ausheben, Herausfallen und Herabfallen von T\u00fcren und Toren. Die ASR A1.7 <strong>definiert den Stand der Technik<\/strong> und kann daher ggf. in bestimmten F\u00e4llen auch \u00fcber Arbeitsst\u00e4tten hinaus Anwendung finden und Mindestanforderungen definieren.<\/p>\n\n\n\n<h3 class=\"wp-block-heading\">Betreiberpflichten <\/h3>\n\n\n\n<ul class=\"wp-block-list\"><li>Der Betreiber ist verpflichtet, regelm\u00e4\u00dfig sicherzustellen, dass die Besch\u00e4ftigten keinen Gef\u00e4hrdungen in der Arbeitsst\u00e4tte ausgesetzt sind. Dabei muss Sie nach ArbSt\u00e4tt-VO den neusten Stand der Technik ber\u00fccksichtigen. Woraus folgt, dass T\u00fcren und Tore \u2013 insbesondere kraftbet\u00e4tigte Tore \u2013 dem neusten Stand der Technik angepasst werden m\u00fcssen und somit keinem Bestandsschutz unterliegen k\u00f6nnen. <\/li><li>Im Rahmen der j\u00e4hrlichen sicherheitstechnischen Pr\u00fcfungen muss eine Betriebskr\u00e4ftemessung an den Schlie\u00dfkanten der kraftbet\u00e4tigten T\u00fcren und Toren durch einen Sachkundigen durchgef\u00fchrt werden.<\/li><\/ul>\n\n\n\n<p><strong>Ausgabe: November 2009 zuletzt ge\u00e4ndert GMBl 2014, S. 284<\/strong><br>\n<strong>Technische Regeln f\u00fcr Arbeitsst\u00e4tten<\/strong><br>\n<strong>T\u00fcren und Tore<\/strong><br>\n<strong>ASR A1.7<\/strong><\/p>\n\n\n\n<p>10.2 &nbsp;&nbsp;&nbsp;&nbsp; Sicherheitstechnische Pr\u00fcfung<\/p>\n\n\n\n<ul class=\"wp-block-list\"><li>Brandschutzt\u00fcren und -tore sind nach der allgemeinen bauaufsichtlichen Zulassung &nbsp;dem &nbsp;Pr\u00fcfzeugnis &nbsp;regelm\u00e4\u00dfig &nbsp;zu &nbsp;pr\u00fcfen, &nbsp;damit &nbsp;sie &nbsp;im &nbsp;Notfall einwandfrei schlie\u00dfen (z. B. Feststellanlagen einmal monatlich durch den Betreiber und einmal j\u00e4hrlich durch den Sachkundigen).<\/li><\/ul>\n\n\n\n<ul class=\"wp-block-list\"><li>Die sicherheitstechnische Pr\u00fcfung schlie\u00dft die \u00dcberpr\u00fcfung des Vorhandenseins einer vollst\u00e4ndigen technischen Dokumentation und der Betriebsanleitung.<\/li><\/ul>\n\n\n\n<p><\/p>\n","protected":false},"excerpt":{"rendered":"<p>Erl\u00e4uterung der ASR A1.7 Die ASR A1.7 konkretisiert die Arbeitsst\u00e4ttenverordnung in Bezug auf sicherheitstechnische Ausstattung, Betrieb, Pr\u00fcffristen (j\u00e4hrliche sicherheitstechnische Pr\u00fcfung), Kr\u00e4ftepr\u00fcfung (Betriebskr\u00e4ftepr\u00fcfung), Sachkundenachweis, Kennzeichnung, Quetsch- und Scherstellen. Sie ersetzt unter anderen die BGR (Berufs-Genossenschaftliche Regeln f\u00fcr Sicherheit und Gesundheit bei der Arbeit) 232 Kraftbet\u00e4tigte Fenster, T\u00fcren und Tore sowie die alten Arbeitsst\u00e4ttenrichtlinien 11\/1-5 Kraftbet\u00e4tigte T\u00fcren <a href=\"https:\/\/kuse.eufu.net\/?page_id=21\" class=\"more-link\">...weiterlesen<span class=\"screen-reader-text\"> \"Pr\u00fcfung von kraftbetriebenen T\u00fcren- und Toren gem\u00e4\u00df ASR A1.7\"<\/span><\/a><\/p>\n","protected":false},"author":1,"featured_media":0,"parent":0,"menu_order":1,"comment_status":"closed","ping_status":"closed","template":"page-templates\/full-width.php","meta":{"ngg_post_thumbnail":0,"footnotes":""},"class_list":["post-21","page","type-page","status-publish","h-entry","hentry","h-as-page"],"aioseo_notices":[],"_links":{"self":[{"href":"https:\/\/kuse.eufu.net\/index.php?rest_route=\/wp\/v2\/pages\/21","targetHints":{"allow":["GET"]}}],"collection":[{"href":"https:\/\/kuse.eufu.net\/index.php?rest_route=\/wp\/v2\/pages"}],"about":[{"href":"https:\/\/kuse.eufu.net\/index.php?rest_route=\/wp\/v2\/types\/page"}],"author":[{"embeddable":true,"href":"https:\/\/kuse.eufu.net\/index.php?rest_route=\/wp\/v2\/users\/1"}],"replies":[{"embeddable":true,"href":"https:\/\/kuse.eufu.net\/index.php?rest_route=%2Fwp%2Fv2%2Fcomments&post=21"}],"version-history":[{"count":22,"href":"https:\/\/kuse.eufu.net\/index.php?rest_route=\/wp\/v2\/pages\/21\/revisions"}],"predecessor-version":[{"id":596,"href":"https:\/\/kuse.eufu.net\/index.php?rest_route=\/wp\/v2\/pages\/21\/revisions\/596"}],"wp:attachment":[{"href":"https:\/\/kuse.eufu.net\/index.php?rest_route=%2Fwp%2Fv2%2Fmedia&parent=21"}],"curies":[{"name":"wp","href":"https:\/\/api.w.org\/{rel}","templated":true}]}}