{"id":19,"date":"2013-07-19T18:34:22","date_gmt":"2013-07-19T16:34:22","guid":{"rendered":"http:\/\/kuse.eufu.net\/?page_id=19"},"modified":"2019-11-17T16:25:57","modified_gmt":"2019-11-17T14:25:57","slug":"unternehmen","status":"publish","type":"page","link":"https:\/\/kuse.eufu.net\/?page_id=19","title":{"rendered":"Unternehmen"},"content":{"rendered":"\n<h2 class=\"wp-block-heading\"><span class=\"tadv-background-color\" style=\"background-color:#eeeeee\">Kuse Metallbau, ein Familienbetrieb mit Tradition...<\/span><\/h2>\n\n\n\n<p>Kuse, ein Name mit langer Tradition im Metallbau. Bereits in den 1920`ern gr\u00fcndete mein Gro\u00dfvater, Schlossermeister Erich Kuse, die Firma Schlosserei- und Landmaschinenbau Kuse in Zanow \/ Pommern. Durch den 2. Weltkrieg wurde der Betrieb vollst\u00e4ndig zerst\u00f6rt und die Familie Kuse fl\u00fcchtete vor der roten Armee von Pommern in das Rheinland nach Bonn. Mein Gro\u00dfvater blieb dem Metallhandwerk treu und arbeitet in Sechtem in einer Dosenfabrik. Nach vielen Jahren ohne einen Metallbauer in der Familie, konnte ich, durch das Erlangen des Gesellenbrief, den Namen Kuse wieder in die Gesellenrolle des Metallbauhandwerks eintragen lassen. Im Jahr 2010 habe ich meinen Meisterbrief im Metallbauhandwerk erworben und dadurch die Bef\u00e4higung erhalten den Namen Kuse wieder im Metallbau als Meisterbetrieb zu platzieren. <\/p>\n\n\n\n<p>Nach der Gr\u00fcndung des Betriebes im Jahre 2010 sind wir nach und nach immer weiter gewachsen. In 2016 konnten wir unsere Gesch\u00e4ftsr\u00e4ume in K\u00f6nigswinter- Rauschendorf beziehen. Auf ca. 400m\u00b2 k\u00f6nnen wir jetzt fast alle Bereiche im Metallbau abdecken. Spezialisiert haben wir uns seit der Gr\u00fcndung jedoch auf den Bereich der T\u00fcren und Tore. In diesem Bereich bieten wir Ihnen Individuelle L\u00f6sungen f\u00fcr Industrie-, Garagen- und Tiefgaragentoren, sowie Brandschutz-, Sicherheits- und Haust\u00fcren an.   <\/p>\n","protected":false},"excerpt":{"rendered":"<p>Kuse Metallbau, ein Familienbetrieb mit Tradition... Kuse, ein Name mit langer Tradition im Metallbau. Bereits in den 1920`ern gr\u00fcndete mein Gro\u00dfvater, Schlossermeister Erich Kuse, die Firma Schlosserei- und Landmaschinenbau Kuse in Zanow \/ Pommern. Durch den 2. Weltkrieg wurde der Betrieb vollst\u00e4ndig zerst\u00f6rt und die Familie Kuse fl\u00fcchtete vor der roten Armee von Pommern in <a href=\"https:\/\/kuse.eufu.net\/?page_id=19\" class=\"more-link\">...weiterlesen<span class=\"screen-reader-text\"> \"Unternehmen\"<\/span><\/a><\/p>\n","protected":false},"author":1,"featured_media":277,"parent":0,"menu_order":0,"comment_status":"closed","ping_status":"closed","template":"","meta":{"ngg_post_thumbnail":0,"footnotes":""},"class_list":["post-19","page","type-page","status-publish","has-post-thumbnail","h-entry","hentry","h-as-page"],"aioseo_notices":[],"_links":{"self":[{"href":"https:\/\/kuse.eufu.net\/index.php?rest_route=\/wp\/v2\/pages\/19","targetHints":{"allow":["GET"]}}],"collection":[{"href":"https:\/\/kuse.eufu.net\/index.php?rest_route=\/wp\/v2\/pages"}],"about":[{"href":"https:\/\/kuse.eufu.net\/index.php?rest_route=\/wp\/v2\/types\/page"}],"author":[{"embeddable":true,"href":"https:\/\/kuse.eufu.net\/index.php?rest_route=\/wp\/v2\/users\/1"}],"replies":[{"embeddable":true,"href":"https:\/\/kuse.eufu.net\/index.php?rest_route=%2Fwp%2Fv2%2Fcomments&post=19"}],"version-history":[{"count":17,"href":"https:\/\/kuse.eufu.net\/index.php?rest_route=\/wp\/v2\/pages\/19\/revisions"}],"predecessor-version":[{"id":643,"href":"https:\/\/kuse.eufu.net\/index.php?rest_route=\/wp\/v2\/pages\/19\/revisions\/643"}],"wp:featuredmedia":[{"embeddable":true,"href":"https:\/\/kuse.eufu.net\/index.php?rest_route=\/wp\/v2\/media\/277"}],"wp:attachment":[{"href":"https:\/\/kuse.eufu.net\/index.php?rest_route=%2Fwp%2Fv2%2Fmedia&parent=19"}],"curies":[{"name":"wp","href":"https:\/\/api.w.org\/{rel}","templated":true}]}}